{"id":2,"date":"2012-12-13T15:56:06","date_gmt":"2012-12-13T15:56:06","guid":{"rendered":"http:\/\/5gradsued.de\/?page_id=2"},"modified":"2022-01-12T18:59:03","modified_gmt":"2022-01-12T16:59:03","slug":"beispiel-seite","status":"publish","type":"page","link":"https:\/\/5gradsued.de\/","title":{"rendered":"Willkommen an Bord! Unser Kurs: gute Gestaltung."},"content":{"rendered":"<p>Mit 5\u00b0sued steuern vier Gestaltungs- und Kommunikationsfachleute in eine gemeinsame Richtung. Unser Netzwerk aus unabh\u00e4ngigen Freiberuflern b\u00fcndelt Kompetenzen und bietet Dienstleistungen in den Bereichen Kommunikationsgestaltung und Produktdesign. Ob Entwicklung und Realisierung eines gesamten Unternehmensauftritts, eines Produktes oder Planung und Durchf\u00fchrung einer Werbema\u00dfnahme: Gemeinsam mit Ihnen erarbeiten wir klare und eigenst\u00e4ndige L\u00f6sungen, die treffsicher auf Ihre Zielgruppe ausgerichtet sind.<\/p>\n<p style=\"text-align: left;\">Zu unseren Kunden geh\u00f6ren sowohl\u00a0mittelst\u00e4ndische Unternehmen als auch Institutionen und Organisationen. Gern bieten wir auch Unterst\u00fctzung in der Gr\u00fcndungsphase an.<\/p>\n","protected":false},"excerpt":{"rendered":"<p>Mit 5\u00b0sued steuern vier Gestaltungs- und Kommunikationsfachleute in eine gemeinsame Richtung. Unser Netzwerk aus unabh\u00e4ngigen Freiberuflern b\u00fcndelt Kompetenzen und bietet Dienstleistungen in den Bereichen Kommunikationsgestaltung und Produktdesign. Ob Entwicklung und Realisierung eines gesamten Unternehmensauftritts, eines Produktes oder Planung und Durchf\u00fchrung &hellip; <a href=\"https:\/\/5gradsued.de\/\">Weiterlesen <span class=\"meta-nav\">&rarr;<\/span><\/a><\/p>\n","protected":false},"author":1,"featured_media":0,"parent":0,"menu_order":0,"comment_status":"open","ping_status":"open","template":"page-startseite-feuerwehr.php","meta":[],"acf":[],"_links":{"self":[{"href":"https:\/\/5gradsued.de\/index.php?rest_route=\/wp\/v2\/pages\/2"}],"collection":[{"href":"https:\/\/5gradsued.de\/index.php?rest_route=\/wp\/v2\/pages"}],"about":[{"href":"https:\/\/5gradsued.de\/index.php?rest_route=\/wp\/v2\/types\/page"}],"author":[{"embeddable":true,"href":"https:\/\/5gradsued.de\/index.php?rest_route=\/wp\/v2\/users\/1"}],"replies":[{"embeddable":true,"href":"https:\/\/5gradsued.de\/index.php?rest_route=%2Fwp%2Fv2%2Fcomments&post=2"}],"version-history":[{"count":33,"href":"https:\/\/5gradsued.de\/index.php?rest_route=\/wp\/v2\/pages\/2\/revisions"}],"predecessor-version":[{"id":228,"href":"https:\/\/5gradsued.de\/index.php?rest_route=\/wp\/v2\/pages\/2\/revisions\/228"}],"wp:attachment":[{"href":"https:\/\/5gradsued.de\/index.php?rest_route=%2Fwp%2Fv2%2Fmedia&parent=2"}],"curies":[{"name":"wp","href":"https:\/\/api.w.org\/{rel}","templated":true}]}}